{"id":426,"date":"2014-02-13T17:56:29","date_gmt":"2014-02-13T16:56:29","guid":{"rendered":"https:\/\/www.innogeo.fr\/balthazar\/?page_id=426"},"modified":"2014-04-10T16:53:32","modified_gmt":"2014-04-10T15:53:32","slug":"qualifications-tierces","status":"publish","type":"page","link":"https:\/\/www.innogeo.fr\/english\/qualifications-tierces\/","title":{"rendered":"Qualifications and affiliations"},"content":{"rendered":"<p><img decoding=\"async\" loading=\"lazy\" class=\"wp-image-320 alignleft\" alt=\"opqibi\" src=\"https:\/\/www.innogeo.fr\/english\/wp-content\/uploads\/sites\/7\/2013\/10\/opqibi.png\" width=\"106\" height=\"70\" \/><br \/>\nINNOGEO holds the OPQIBI 1006 qualification, an engineering qualification, for geophysical study.<\/p>\n<p>&nbsp;<\/p>\n<p><img decoding=\"async\" loading=\"lazy\" class=\" wp-image-317 alignleft\" alt=\"agap\" src=\"https:\/\/www.innogeo.fr\/english\/wp-content\/uploads\/sites\/7\/2013\/10\/agap.png\" width=\"108\" height=\"70\" \/>INNOGEO is a member of AGAP Qualit\u00e9, an association for the quality of applied geophysical services. In this respect, INNOGEO is committed to abide by their code of practice for geophysics and to follow good engineering practices and the AGAP geophysicist charter.<\/p>\n<p><img decoding=\"async\" loading=\"lazy\" class=\" wp-image-319 alignleft\" alt=\"usg\" src=\"https:\/\/www.innogeo.fr\/english\/wp-content\/uploads\/sites\/7\/2013\/10\/usg.gif\" width=\"106\" height=\"70\" \/><br \/>\nINNOGEO is a member of the Union Syndicale G\u00e9otechnique (USG \u2013 Geotechnical union).<\/p>\n<p>&nbsp;<\/p>\n<p><img decoding=\"async\" loading=\"lazy\" class=\" wp-image-318 alignleft\" alt=\"fnedre\" src=\"https:\/\/www.innogeo.fr\/english\/wp-content\/uploads\/sites\/7\/2013\/10\/fnedre.png\" width=\"110\" height=\"76\" \/><br \/>\nINNOGEO is a member of the FNEDRE, F\u00e9d\u00e9ration des entreprises de d\u00e9tection des r\u00e9seaux (national federation of network detection companies).<\/p>\n<p>&nbsp;<\/p>\n<p><img decoding=\"async\" loading=\"lazy\" class=\" wp-image-432 alignleft\" alt=\"RES\" src=\"https:\/\/www.innogeo.fr\/english\/wp-content\/uploads\/sites\/7\/2014\/02\/RES.jpg\" width=\"113\" height=\"55\" \/><br \/>\nJean-Luc Mattiuzzo is a former laureate (2009) and a member of the Reseau Entreprendre Savoie.<\/p>\n<p>&nbsp;<\/p>\n<p>CFMS \u00a0 \u00a0 \u00a0 \u00a0 \u00a0 \u00a0 \u00a0 \u00a0 \u00a0 \u00a0 \u00a0Comit\u00e9 Fran\u00e7ais de M\u00e9canique des Sols (French committee of soil mechanics).<\/p>\n<p>MEDEF\u00a0\u00a0\u00a0\u00a0\u00a0\u00a0\u00a0\u00a0\u00a0\u00a0\u00a0\u00a0\u00a0\u00a0\u00a0\u00a0\u00a0\u00a0Mouvement des Entreprises de France (National confederation of French employers)<\/p>\n<p>&nbsp;<\/p>\n<h4><\/h4>\n","protected":false},"excerpt":{"rendered":"<p>INNOGEO holds the OPQIBI 1006 qualification, an engineering qualification, for geophysical study. &nbsp; INNOGEO is a member of AGAP Qualit\u00e9, an association for the quality of applied geophysical services. In this respect, INNOGEO is committed to abide by their code of practice for geophysics and to follow good engineering practices and the AGAP geophysicist charter. [&hellip;]<\/p>\n","protected":false},"author":1,"featured_media":0,"parent":0,"menu_order":0,"comment_status":"closed","ping_status":"closed","template":"","meta":[],"_links":{"self":[{"href":"https:\/\/www.innogeo.fr\/english\/wp-json\/wp\/v2\/pages\/426"}],"collection":[{"href":"https:\/\/www.innogeo.fr\/english\/wp-json\/wp\/v2\/pages"}],"about":[{"href":"https:\/\/www.innogeo.fr\/english\/wp-json\/wp\/v2\/types\/page"}],"author":[{"embeddable":true,"href":"https:\/\/www.innogeo.fr\/english\/wp-json\/wp\/v2\/users\/1"}],"replies":[{"embeddable":true,"href":"https:\/\/www.innogeo.fr\/english\/wp-json\/wp\/v2\/comments?post=426"}],"version-history":[{"count":0,"href":"https:\/\/www.innogeo.fr\/english\/wp-json\/wp\/v2\/pages\/426\/revisions"}],"wp:attachment":[{"href":"https:\/\/www.innogeo.fr\/english\/wp-json\/wp\/v2\/media?parent=426"}],"curies":[{"name":"wp","href":"https:\/\/api.w.org\/{rel}","templated":true}]}}